{"id":164,"date":"2026-02-26T22:41:54","date_gmt":"2026-02-26T21:41:54","guid":{"rendered":"http:\/\/serwer76856.lh.pl\/autoinstalator\/serwer76856.lh.pl\/wordpress152977\/?page_id=164"},"modified":"2026-02-28T23:35:36","modified_gmt":"2026-02-28T22:35:36","slug":"nasza-misja","status":"publish","type":"page","link":"https:\/\/rebelsoundradio.pl\/?page_id=164","title":{"rendered":"Misja Radia"},"content":{"rendered":"\n<p><strong>Rebel Sound Radio<\/strong> to przestrze\u0144 dla tych, kt\u00f3rzy w muzyce szukaj\u0105 czego\u015b wi\u0119cej ni\u017c tylko d\u017awi\u0119ku. To miejsce dla ludzi, kt\u00f3rzy potrzebuj\u0105 energii, autentyczno\u015bci i brzmie\u0144 wywo\u0142uj\u0105cych emocje. Tworzymy radio, kt\u00f3re nie jest przypadkow\u0105 playlist\u0105, ale \u015bwiadomym wyborem kierunku i charakteru.<\/p>\n\n\n\n<p>Naszym celem jest budowanie niezale\u017cnej platformy muzycznej, \u0142\u0105cz\u0105cej \u015bwiaty Metalu, Rocka i Techno \u2014 gatunk\u00f3w, kt\u00f3re cho\u0107 r\u00f3\u017cne, maj\u0105 wsp\u00f3lny mianownik: intensywno\u015b\u0107 i wyrazisto\u015b\u0107. Chcemy pokazywa\u0107 zar\u00f3wno klasyk\u0119, jak i nowe zjawiska. Dawa\u0107 przestrze\u0144 debiutantom. Zwraca\u0107 uwag\u0119 na premiery, kt\u00f3re zas\u0142uguj\u0105 na ods\u0142uch. Wspiera\u0107 koncerty i inicjatywy oddolne.<\/p>\n\n\n\n<figure class=\"wp-block-image size-large\"><img loading=\"lazy\" decoding=\"async\" width=\"1024\" height=\"686\" src=\"https:\/\/rebelsoundradio.pl\/wp-content\/uploads\/2026\/02\/misja2-1024x686.png\" alt=\"obrazek\" class=\"wp-image-214\" srcset=\"https:\/\/rebelsoundradio.pl\/wp-content\/uploads\/2026\/02\/misja2-1024x686.png 1024w, https:\/\/rebelsoundradio.pl\/wp-content\/uploads\/2026\/02\/misja2-300x201.png 300w, https:\/\/rebelsoundradio.pl\/wp-content\/uploads\/2026\/02\/misja2-768x514.png 768w, https:\/\/rebelsoundradio.pl\/wp-content\/uploads\/2026\/02\/misja2.png 1080w\" sizes=\"auto, (max-width: 1024px) 100vw, 1024px\" \/><\/figure>\n\n\n\n<p>Startujemy spokojnie, etapami. Ka\u017cdy projekt potrzebuje solidnych fundament\u00f3w \u2014 technicznych, organizacyjnych i spo\u0142ecznych. Rozwijamy zaplecze, dopracowujemy formu\u0142\u0119, testujemy rozwi\u0105zania. Naszym priorytetem jest jako\u015b\u0107 i konsekwencja, a nie chwilowy efekt.<\/p>\n\n\n\n<p>W perspektywie najbli\u017cszego czasu planujemy poszerza\u0107 ram\u00f3wk\u0119, wprowadza\u0107 autorskie audycje tematyczne, zaprasza\u0107 go\u015bci, tworzy\u0107 przestrze\u0144 do rozm\u00f3w o muzyce bez filtr\u00f3w i schemat\u00f3w. Chcemy, aby antena \u017cy\u0142a \u2014 reagowa\u0142a na to, co dzieje si\u0119 na scenie i w\u015br\u00f3d s\u0142uchaczy.<\/p>\n\n\n\n<p>Rebel Sound Radio ma by\u0107 miejscem, kt\u00f3re ro\u015bnie organicznie. Bez sztucznego nad\u0119cia, bez korporacyjnego ch\u0142odu. Z energi\u0105 ludzi, kt\u00f3rzy wierz\u0105, \u017ce radio wci\u0105\u017c mo\u017ce mie\u0107 dusz\u0119.<\/p>\n\n\n\n<p>Nasza misja to rozw\u00f3j, niezale\u017cno\u015b\u0107 i konsekwencja w dzia\u0142aniu. A wszystko po to, by stworzy\u0107 medium, kt\u00f3re nie tylko nadaje \u2014 ale rezonuje.<\/p>\n\n\n\n<p><strong>Rebel Sound Radio \u2013 Bunt bez granic!<\/strong>&nbsp;\ud83d\udd25\ud83c\udfa7<\/p>\n","protected":false},"excerpt":{"rendered":"<p>Rebel Sound Radio to przestrze\u0144 dla tych, kt\u00f3rzy w muzyce szukaj\u0105 czego\u015b wi\u0119cej ni\u017c tylko d\u017awi\u0119ku. To miejsce dla ludzi, kt\u00f3rzy potrzebuj\u0105 energii, autentyczno\u015bci i brzmie\u0144 wywo\u0142uj\u0105cych emocje. Tworzymy radio, kt\u00f3re nie jest przypadkow\u0105 playlist\u0105, ale \u015bwiadomym wyborem kierunku i charakteru. Naszym celem jest budowanie niezale\u017cnej platformy muzycznej, \u0142\u0105cz\u0105cej \u015bwiaty Metalu, Rocka i Techno \u2014 [&hellip;]<\/p>\n","protected":false},"author":1,"featured_media":217,"parent":0,"menu_order":0,"comment_status":"closed","ping_status":"closed","template":"","meta":{"footnotes":""},"class_list":["post-164","page","type-page","status-publish","has-post-thumbnail","hentry"],"_links":{"self":[{"href":"https:\/\/rebelsoundradio.pl\/index.php?rest_route=\/wp\/v2\/pages\/164","targetHints":{"allow":["GET"]}}],"collection":[{"href":"https:\/\/rebelsoundradio.pl\/index.php?rest_route=\/wp\/v2\/pages"}],"about":[{"href":"https:\/\/rebelsoundradio.pl\/index.php?rest_route=\/wp\/v2\/types\/page"}],"author":[{"embeddable":true,"href":"https:\/\/rebelsoundradio.pl\/index.php?rest_route=\/wp\/v2\/users\/1"}],"replies":[{"embeddable":true,"href":"https:\/\/rebelsoundradio.pl\/index.php?rest_route=%2Fwp%2Fv2%2Fcomments&post=164"}],"version-history":[{"count":3,"href":"https:\/\/rebelsoundradio.pl\/index.php?rest_route=\/wp\/v2\/pages\/164\/revisions"}],"predecessor-version":[{"id":218,"href":"https:\/\/rebelsoundradio.pl\/index.php?rest_route=\/wp\/v2\/pages\/164\/revisions\/218"}],"wp:featuredmedia":[{"embeddable":true,"href":"https:\/\/rebelsoundradio.pl\/index.php?rest_route=\/wp\/v2\/media\/217"}],"wp:attachment":[{"href":"https:\/\/rebelsoundradio.pl\/index.php?rest_route=%2Fwp%2Fv2%2Fmedia&parent=164"}],"curies":[{"name":"wp","href":"https:\/\/api.w.org\/{rel}","templated":true}]}}